{"id":26,"date":"2024-01-03T11:06:22","date_gmt":"2024-01-03T11:06:22","guid":{"rendered":"http:\/\/192.168.0.130:10046\/?page_id=26"},"modified":"2026-04-18T15:56:02","modified_gmt":"2026-04-18T12:56:02","slug":"services","status":"publish","type":"page","link":"https:\/\/sarpsan.com\/index.php\/services\/","title":{"rendered":"Services"},"content":{"rendered":"\t\t<div data-elementor-type=\"wp-page\" data-elementor-id=\"26\" class=\"elementor elementor-26\">\n\t\t\t\t\r\n\t\t<div class=\"default no-position show_shadow rs-sticky-default elementor-element elementor-element-e8256c4 e-flex e-con-boxed e-con e-parent\" data-id=\"e8256c4\" data-element_type=\"container\" data-e-type=\"container\" data-settings=\"{&quot;background_background&quot;:&quot;classic&quot;}\">\n\t\t\t\t\t<div class=\"e-con-inner\">\n\t\t\r\n\t\t<div class=\"default no-position show_shadow rs-sticky-default elementor-element elementor-element-ed9d480 e-con-full e-flex e-con e-child\" data-id=\"ed9d480\" data-element_type=\"container\" data-e-type=\"container\">\n\t\t\r\n\t\t<div class=\"default no-position show_shadow rs-sticky-default elementor-element elementor-element-9b2d0f5 e-con-full e-flex e-con e-child\" data-id=\"9b2d0f5\" data-element_type=\"container\" data-e-type=\"container\">\n\t\t\r\n\t\t\t\t<div class=\"elementor-element elementor-element-2d8814b elementor-widget elementor-widget-rs-service-grid\" data-id=\"2d8814b\" data-element_type=\"widget\" data-e-type=\"widget\" data-widget_type=\"rs-service-grid.default\">\n\t\t\t\t<div class=\"elementor-widget-container\">\n\t\t\t\t\t\r\n\t\t<div class=\"rs-addon-services style5\">\r\n\t\t\t<div class=\"services-inner link\">\r\n        <div class=\"content_part\">\r\n                    <div class=\"services-title\">\r\n                                    <h3 class=\"title\"> Our Areas of Expertise<\/h3>\r\n                            <\/div>\r\n                            <div class=\"desc-text\">\r\n                Turnkey solutions for existing and planned Food Processing, Chemical and Cosmetics industry facilities.\nDesign, engineering and automation of all production processes.\nManufacturing and supply of machinery equipment and auxiliary system devices. On-site assembly, testing and commissioning,\nManufacturing and supply of spare parts,\nMaintenance and repair services,\nAfter-sales technical support and emergency assistance services.            <\/div>\r\n                    <\/div>\r\n            <div class=\"media_wrap\">\r\n                    <\/div>\r\n    <\/div>\t\t<\/div>\r\n\r\n\t\t\t\t<\/div>\n\t\t\t\t<\/div>\n\t\t\r\n\t\t<div class=\"default no-position show_shadow rs-sticky-default elementor-element elementor-element-f837e3a e-con-full e-flex e-con e-child\" data-id=\"f837e3a\" data-element_type=\"container\" data-e-type=\"container\">\n\t\t\r\n\t\t\t\t<div class=\"elementor-element elementor-element-fc2975c animated-fast elementor-widget-mobile__width-initial elementor-arrows-position-inside elementor-pagination-position-outside elementor-invisible elementor-widget elementor-widget-image-carousel\" data-id=\"fc2975c\" data-element_type=\"widget\" data-e-type=\"widget\" data-settings=\"{&quot;slides_to_show&quot;:&quot;5&quot;,&quot;_animation&quot;:&quot;fadeInDown&quot;,&quot;navigation&quot;:&quot;both&quot;,&quot;autoplay&quot;:&quot;yes&quot;,&quot;pause_on_hover&quot;:&quot;yes&quot;,&quot;pause_on_interaction&quot;:&quot;yes&quot;,&quot;autoplay_speed&quot;:5000,&quot;infinite&quot;:&quot;yes&quot;,&quot;speed&quot;:500}\" data-widget_type=\"image-carousel.default\">\n\t\t\t\t\t\t\t<div class=\"elementor-image-carousel-wrapper swiper\" role=\"region\" aria-roledescription=\"carousel\" aria-label=\"Resim D\u00f6ng\u00fcs\u00fc\" dir=\"ltr\">\n\t\t\t<div class=\"elementor-image-carousel swiper-wrapper\" aria-live=\"off\">\n\t\t\t\t\t\t\t\t<div class=\"swiper-slide\" role=\"group\" aria-roledescription=\"slide\" aria-label=\"1 \/ 9\"><a data-elementor-open-lightbox=\"yes\" data-elementor-lightbox-slideshow=\"fc2975c\" data-elementor-lightbox-title=\"3\" data-e-action-hash=\"#elementor-action%3Aaction%3Dlightbox%26settings%3DeyJpZCI6MzExODUsInVybCI6Imh0dHBzOlwvXC9zYXJwc2FuLmNvbVwvd3AtY29udGVudFwvdXBsb2Fkc1wvMjAyNVwvMTFcLzMuanBnIiwic2xpZGVzaG93IjoiZmMyOTc1YyJ9\" href=\"https:\/\/sarpsan.com\/index.php\/urunler\/\" target=\"_blank\"><figure class=\"swiper-slide-inner\"><img decoding=\"async\" class=\"swiper-slide-image\" src=\"https:\/\/sarpsan.com\/wp-content\/uploads\/2025\/11\/3.jpg\" alt=\"3\" \/><\/figure><\/a><\/div><div class=\"swiper-slide\" role=\"group\" aria-roledescription=\"slide\" aria-label=\"2 \/ 9\"><a data-elementor-open-lightbox=\"yes\" data-elementor-lightbox-slideshow=\"fc2975c\" data-elementor-lightbox-title=\"4\" data-e-action-hash=\"#elementor-action%3Aaction%3Dlightbox%26settings%3DeyJpZCI6MzExODYsInVybCI6Imh0dHBzOlwvXC9zYXJwc2FuLmNvbVwvd3AtY29udGVudFwvdXBsb2Fkc1wvMjAyNVwvMTFcLzQuanBnIiwic2xpZGVzaG93IjoiZmMyOTc1YyJ9\" href=\"https:\/\/sarpsan.com\/index.php\/urunler\/\" target=\"_blank\"><figure class=\"swiper-slide-inner\"><img decoding=\"async\" class=\"swiper-slide-image\" src=\"https:\/\/sarpsan.com\/wp-content\/uploads\/2025\/11\/4.jpg\" alt=\"4\" \/><\/figure><\/a><\/div><div class=\"swiper-slide\" role=\"group\" aria-roledescription=\"slide\" aria-label=\"3 \/ 9\"><a data-elementor-open-lightbox=\"yes\" data-elementor-lightbox-slideshow=\"fc2975c\" data-elementor-lightbox-title=\"23\" data-e-action-hash=\"#elementor-action%3Aaction%3Dlightbox%26settings%3DeyJpZCI6MzExOTAsInVybCI6Imh0dHBzOlwvXC9zYXJwc2FuLmNvbVwvd3AtY29udGVudFwvdXBsb2Fkc1wvMjAyNVwvMTFcLzIzLmpwZyIsInNsaWRlc2hvdyI6ImZjMjk3NWMifQ%3D%3D\" href=\"https:\/\/sarpsan.com\/index.php\/urunler\/\" target=\"_blank\"><figure class=\"swiper-slide-inner\"><img decoding=\"async\" class=\"swiper-slide-image\" src=\"https:\/\/sarpsan.com\/wp-content\/uploads\/2025\/11\/23.jpg\" alt=\"23\" \/><\/figure><\/a><\/div><div class=\"swiper-slide\" role=\"group\" aria-roledescription=\"slide\" aria-label=\"4 \/ 9\"><a data-elementor-open-lightbox=\"yes\" data-elementor-lightbox-slideshow=\"fc2975c\" data-elementor-lightbox-title=\"Generated Image November 21, 2025 - 4_30PM (1)\" data-e-action-hash=\"#elementor-action%3Aaction%3Dlightbox%26settings%3DeyJpZCI6MzExOTMsInVybCI6Imh0dHBzOlwvXC9zYXJwc2FuLmNvbVwvd3AtY29udGVudFwvdXBsb2Fkc1wvMjAyNVwvMTFcL0dlbmVyYXRlZC1JbWFnZS1Ob3ZlbWJlci0yMS0yMDI1LTRfMzBQTS0xLnBuZyIsInNsaWRlc2hvdyI6ImZjMjk3NWMifQ%3D%3D\" href=\"https:\/\/sarpsan.com\/index.php\/urunler\/\" target=\"_blank\"><figure class=\"swiper-slide-inner\"><img decoding=\"async\" class=\"swiper-slide-image\" src=\"https:\/\/sarpsan.com\/wp-content\/uploads\/2025\/11\/Generated-Image-November-21-2025-4_30PM-1.png\" alt=\"Generated Image November 21, 2025 - 4_30PM (1)\" \/><\/figure><\/a><\/div><div class=\"swiper-slide\" role=\"group\" aria-roledescription=\"slide\" aria-label=\"5 \/ 9\"><a data-elementor-open-lightbox=\"yes\" data-elementor-lightbox-slideshow=\"fc2975c\" data-elementor-lightbox-title=\"9\" data-e-action-hash=\"#elementor-action%3Aaction%3Dlightbox%26settings%3DeyJpZCI6MzExODgsInVybCI6Imh0dHBzOlwvXC9zYXJwc2FuLmNvbVwvd3AtY29udGVudFwvdXBsb2Fkc1wvMjAyNVwvMTFcLzkuanBnIiwic2xpZGVzaG93IjoiZmMyOTc1YyJ9\" href=\"https:\/\/sarpsan.com\/index.php\/urunler\/\" target=\"_blank\"><figure class=\"swiper-slide-inner\"><img decoding=\"async\" class=\"swiper-slide-image\" src=\"https:\/\/sarpsan.com\/wp-content\/uploads\/2025\/11\/9.jpg\" alt=\"9\" \/><\/figure><\/a><\/div><div class=\"swiper-slide\" role=\"group\" aria-roledescription=\"slide\" aria-label=\"6 \/ 9\"><a data-elementor-open-lightbox=\"yes\" data-elementor-lightbox-slideshow=\"fc2975c\" data-elementor-lightbox-title=\"2\" data-e-action-hash=\"#elementor-action%3Aaction%3Dlightbox%26settings%3DeyJpZCI6MzExODQsInVybCI6Imh0dHBzOlwvXC9zYXJwc2FuLmNvbVwvd3AtY29udGVudFwvdXBsb2Fkc1wvMjAyNVwvMTFcLzItMS5qcGciLCJzbGlkZXNob3ciOiJmYzI5NzVjIn0%3D\" href=\"https:\/\/sarpsan.com\/index.php\/urunler\/\" target=\"_blank\"><figure class=\"swiper-slide-inner\"><img decoding=\"async\" class=\"swiper-slide-image\" src=\"https:\/\/sarpsan.com\/wp-content\/uploads\/2025\/11\/2-1.jpg\" alt=\"2\" \/><\/figure><\/a><\/div><div class=\"swiper-slide\" role=\"group\" aria-roledescription=\"slide\" aria-label=\"7 \/ 9\"><a data-elementor-open-lightbox=\"yes\" data-elementor-lightbox-slideshow=\"fc2975c\" data-elementor-lightbox-title=\"29\" data-e-action-hash=\"#elementor-action%3Aaction%3Dlightbox%26settings%3DeyJpZCI6MzExOTEsInVybCI6Imh0dHBzOlwvXC9zYXJwc2FuLmNvbVwvd3AtY29udGVudFwvdXBsb2Fkc1wvMjAyNVwvMTFcLzI5LmpwZyIsInNsaWRlc2hvdyI6ImZjMjk3NWMifQ%3D%3D\" href=\"https:\/\/sarpsan.com\/index.php\/urunler\/\" target=\"_blank\"><figure class=\"swiper-slide-inner\"><img decoding=\"async\" class=\"swiper-slide-image\" src=\"https:\/\/sarpsan.com\/wp-content\/uploads\/2025\/11\/29.jpg\" alt=\"29\" \/><\/figure><\/a><\/div><div class=\"swiper-slide\" role=\"group\" aria-roledescription=\"slide\" aria-label=\"8 \/ 9\"><a data-elementor-open-lightbox=\"yes\" data-elementor-lightbox-slideshow=\"fc2975c\" data-elementor-lightbox-title=\"Generated Image November 21, 2025 - 4_53PM\" data-e-action-hash=\"#elementor-action%3Aaction%3Dlightbox%26settings%3DeyJpZCI6MzExOTQsInVybCI6Imh0dHBzOlwvXC9zYXJwc2FuLmNvbVwvd3AtY29udGVudFwvdXBsb2Fkc1wvMjAyNVwvMTFcL0dlbmVyYXRlZC1JbWFnZS1Ob3ZlbWJlci0yMS0yMDI1LTRfNTNQTS5wbmciLCJzbGlkZXNob3ciOiJmYzI5NzVjIn0%3D\" href=\"https:\/\/sarpsan.com\/index.php\/urunler\/\" target=\"_blank\"><figure class=\"swiper-slide-inner\"><img decoding=\"async\" class=\"swiper-slide-image\" src=\"https:\/\/sarpsan.com\/wp-content\/uploads\/2025\/11\/Generated-Image-November-21-2025-4_53PM.png\" alt=\"Generated Image November 21, 2025 - 4_53PM\" \/><\/figure><\/a><\/div><div class=\"swiper-slide\" role=\"group\" aria-roledescription=\"slide\" aria-label=\"9 \/ 9\"><a data-elementor-open-lightbox=\"yes\" data-elementor-lightbox-slideshow=\"fc2975c\" data-elementor-lightbox-title=\"6\" data-e-action-hash=\"#elementor-action%3Aaction%3Dlightbox%26settings%3DeyJpZCI6MzExODcsInVybCI6Imh0dHBzOlwvXC9zYXJwc2FuLmNvbVwvd3AtY29udGVudFwvdXBsb2Fkc1wvMjAyNVwvMTFcLzYuanBnIiwic2xpZGVzaG93IjoiZmMyOTc1YyJ9\" href=\"https:\/\/sarpsan.com\/index.php\/urunler\/\" target=\"_blank\"><figure class=\"swiper-slide-inner\"><img decoding=\"async\" class=\"swiper-slide-image\" src=\"https:\/\/sarpsan.com\/wp-content\/uploads\/2025\/11\/6.jpg\" alt=\"6\" \/><\/figure><\/a><\/div>\t\t\t<\/div>\n\t\t\t\t\t\t\t\t\t\t\t\t<div class=\"elementor-swiper-button elementor-swiper-button-prev\" role=\"button\" tabindex=\"0\">\n\t\t\t\t\t\t<svg aria-hidden=\"true\" class=\"e-font-icon-svg e-eicon-chevron-left\" viewBox=\"0 0 1000 1000\" xmlns=\"http:\/\/www.w3.org\/2000\/svg\"><path d=\"M646 125C629 125 613 133 604 142L308 442C296 454 292 471 292 487 292 504 296 521 308 533L604 854C617 867 629 875 646 875 663 875 679 871 692 858 704 846 713 829 713 812 713 796 708 779 692 767L438 487 692 225C700 217 708 204 708 187 708 171 704 154 692 142 675 129 663 125 646 125Z\"><\/path><\/svg>\t\t\t\t\t<\/div>\n\t\t\t\t\t<div class=\"elementor-swiper-button elementor-swiper-button-next\" role=\"button\" tabindex=\"0\">\n\t\t\t\t\t\t<svg aria-hidden=\"true\" class=\"e-font-icon-svg e-eicon-chevron-right\" viewBox=\"0 0 1000 1000\" xmlns=\"http:\/\/www.w3.org\/2000\/svg\"><path d=\"M696 533C708 521 713 504 713 487 713 471 708 454 696 446L400 146C388 133 375 125 354 125 338 125 325 129 313 142 300 154 292 171 292 187 292 204 296 221 308 233L563 492 304 771C292 783 288 800 288 817 288 833 296 850 308 863 321 871 338 875 354 875 371 875 388 867 400 854L696 533Z\"><\/path><\/svg>\t\t\t\t\t<\/div>\n\t\t\t\t\n\t\t\t\t\t\t\t\t\t<div class=\"swiper-pagination\"><\/div>\n\t\t\t\t\t\t\t\t\t<\/div>\n\t\t\t\t\t\t<\/div>\n\t\t\t\t<\/div>\n\t\t\r\n\t\t\t\t<div class=\"elementor-element elementor-element-756fd2b elementor-widget elementor-widget-heading\" data-id=\"756fd2b\" data-element_type=\"widget\" data-e-type=\"widget\" data-widget_type=\"heading.default\">\n\t\t\t\t\t<h3 class=\"elementor-heading-title elementor-size-default\">Our Sectors<\/h3>\t\t\t\t<\/div>\n\t\t\r\n\t\t<div class=\"default no-position show_shadow rs-sticky-default elementor-element elementor-element-c5b9690 e-con-full e-flex e-con e-child\" data-id=\"c5b9690\" data-element_type=\"container\" data-e-type=\"container\">\n\t\t\r\n\t\t\t\t<div class=\"elementor-element elementor-element-8c79280 elementor-widget-laptop__width-initial elementor-widget elementor-widget-rs-service-grid\" data-id=\"8c79280\" data-element_type=\"widget\" data-e-type=\"widget\" data-widget_type=\"rs-service-grid.default\">\n\t\t\t\t<div class=\"elementor-widget-container\">\n\t\t\t\t\t\r\n\t\t<div class=\"rs-addon-services style7\">\r\n\t\t\t<div class=\"services-inner box\">\r\n                    <div class=\"media_wrap\">\r\n                                                            <div class=\"icon_style media-cmn normal\">\r\n                                                    <\/div>\r\n                                                                    <\/div>\r\n            <div class=\"content_part\">\r\n                    <div class=\"services-title\">\r\n                                    <h3 class=\"title\">\r\n\r\n                        <a href=\"https:\/\/sarpsan.com\/index.php\/kimya-sektoru\/\" >\r\n                            Chemical Industry                        <\/a>\r\n                    <\/h3>\r\n                            <\/div>\r\n        \r\n        \r\n            <\/div>\r\n<\/div>\t\t<\/div>\r\n\r\n\t\t\t\t<\/div>\n\t\t\t\t<\/div>\n\t\t\r\n\t\t\t\t<div class=\"elementor-element elementor-element-56be19f elementor-widget-mobile__width-initial elementor-widget elementor-widget-rs-service-grid\" data-id=\"56be19f\" data-element_type=\"widget\" data-e-type=\"widget\" data-widget_type=\"rs-service-grid.default\">\n\t\t\t\t<div class=\"elementor-widget-container\">\n\t\t\t\t\t\r\n\t\t<div class=\"rs-addon-services style7\">\r\n\t\t\t<div class=\"services-inner box\">\r\n                    <div class=\"media_wrap\">\r\n                                                            <div class=\"icon_style media-cmn normal\">\r\n                            <svg xmlns=\"http:\/\/www.w3.org\/2000\/svg\" clip-rule=\"evenodd\" fill-rule=\"evenodd\" height=\"512\" viewBox=\"0 0 43.3492 43.3492\" width=\"512\"><g><g><path d=\"m4.1235 42.5888h35.1026v-1.0604c0-.5852-.4764-1.0604-1.0606-1.0604h-32.9816c-.5842 0-1.0606.4752-1.0606 1.0604zm35.4826.7605h-35.8629c-.2099 0-.3803-.1703-.3803-.3803l.0002-1.4406c0-1.004.8167-1.8208 1.8206-1.8208h32.9819c1.0041 0 1.8207.8168 1.8207 1.8208l.0001 1.4406c0 .21-.1704.3803-.3803.3803z\"><\/path><path d=\"m37.4893 40.468c-.2099 0-.3803-.1703-.3803-.3802l.0002-1.8268c0-.797-.6487-1.4455-1.4457-1.4455h-27.9777c-.797 0-1.4456.6485-1.4456 1.4455l.0001 1.8268c0 .2099-.1704.3802-.3803.3802-.2108 0-.3802-.1703-.3802-.3802l.0001-1.8268c0-1.2168.989-2.2059 2.2059-2.2059h27.9778c1.2168 0 2.2058.9891 2.2058 2.2059l.0002 1.8268c0 .2099-.1705.3802-.3803.3802z\"><\/path><path d=\"m34.8082 36.8155c-.2101 0-.3804-.1703-.3804-.3802l.0001-17.5934c0-7.0318-5.721-12.7537-12.7528-12.7537-7.0326 0-12.7536 5.7219-12.7536 12.7537l.0001 17.5933c0 .21-.1705.3803-.3804.3803-.2109 0-.3802-.1703-.3802-.3802v-17.5934c0-7.4516 6.0615-13.5141 13.5131-13.5141 7.4526 0 13.5141 6.0625 13.5141 13.5141v17.5933c0 .21-.1703.3803-.38.3803z\"><\/path><path d=\"m21.6753 36.8155c-.211 0-.3804-.1703-.3804-.3802l.0001-14.1221c0-.2099.1692-.3802.3801-.3802.2101 0 .3802.1703.3802.3802l.0001 14.122c0 .21-.1704.3803-.3801.3803z\"><\/path><path d=\"m18.3268 18.6053v7.0021c1.6928-.2773 2.9681-1.7446 2.9681-3.5011.0001-1.7565-1.2753-3.2238-2.9681-3.501zm-.3803 7.8041c-.0972 0-.1913-.0377-.2615-.105-.0751-.0713-.1189-.1713-.1189-.2752l.0001-7.8467c0-.104.0435-.204.1188-.2753.0752-.0723.1752-.1079.2811-.1039 2.2923.1148 4.0892 2.0049 4.0892 4.303.0001 2.2971-1.797 4.1872-4.0892 4.3031-.0067 0-.0128 0-.0196 0z\"><\/path><path d=\"m17.9465 22.4865h-1.2505c-.2101 0-.3804-.1703-.3804-.3802.0001-.2099.1703-.3802.3802-.3802h1.2507c.2107 0 .3801.1703.3801.3802.0002.2099-.1694.3802-.3801.3802z\"><\/path><path d=\"m25.0227 18.6053c-1.6931.2772-2.9674 1.7445-2.9674 3.501.0001 1.7565 1.2743 3.2238 2.9674 3.5011zm.3803 7.8041c-.0069 0-.013 0-.0199 0-2.2921-.1159-4.0882-2.006-4.0882-4.3031.0001-2.2981 1.7961-4.1882 4.0882-4.303.1041-.004.2059.0317.2812.1039.0753.0713.1188.1713.1188.2753l.0002 7.8467c0 .1039-.0438.2039-.119.2752-.0701.0673-.1644.105-.2613.105z\"><\/path><path d=\"m26.6535 22.4865h-1.2505c-.211 0-.3803-.1703-.3803-.3802s.1693-.3802.3802-.3802h1.2506c.21 0 .3801.1703.3801.3802.0001.2099-.1703.3802-.3801.3802z\"><\/path><path d=\"m13.4433 14.8963c-.0642 0-.1297-.0169-.1901-.0515-.1811-.105-.2436-.3376-.1386-.5188 1.3071-2.2634 3.4159-3.8823 5.9407-4.5585.2031-.0555.4109.0653.4653.2683.0546.203-.0653.4109-.2683.4654-2.3286.6237-4.2743 2.1168-5.4793 4.205-.0702.1218-.198.1901-.3297.1901z\"><\/path><path d=\"m21.6753 3.9535c-.2121 0-.3844-.1713-.3844-.3831l.0001-3.1872c0-.2119.1722-.3832.3841-.3832.2109 0 .3832.1713.3832.3832l.0002 3.1871c0 .2119-.1725.3832-.3832.3832z\"><\/path><path d=\"m30.4248 6.2981c-.0644 0-.1307-.0168-.1911-.0515-.1831-.1059-.2465-.3406-.1406-.5238l1.5931-2.7594c.106-.1832.3406-.2465.5238-.1406.1842.1059.2465.3406.1405.5238l-1.5931 2.7604c-.0712.1228-.1999.1911-.3326.1911z\"><\/path><path d=\"m36.8319 12.7042c-.1326 0-.2615-.0683-.3328-.1921-.1059-.1832-.0425-.4178.1406-.5238l2.7597-1.5931c.1831-.1059.4176-.0426.5235.1406.106.1832.0436.4178-.1405.5238l-2.7594 1.5931c-.0604.0346-.1259.0515-.1911.0515z\"><\/path><path d=\"m42.3627 21.4548h-3.1861c-.2119 0-.3844-.1713-.3844-.3832.0001-.2119.1723-.3841.3842-.3841h3.1863c.2119 0 .3831.1722.3831.3841.0001.2119-.1713.3832-.3831.3832z\"><\/path><path d=\"m4.1729 21.4548h-3.1861c-.2119 0-.3833-.1713-.3833-.3832.0001-.2119.1713-.3841.3832-.3841h3.1862c.2118 0 .3841.1722.3841.3841.0002.2119-.1723.3832-.3841.3832z\"><\/path><path d=\"m6.5176 12.7042c-.0655 0-.1309-.0169-.1913-.0515l-2.7593-1.5931c-.1843-.106-.2467-.3406-.1407-.5238.1061-.1832.3406-.2465.5237-.1406l2.7596 1.5931c.1832.106.2464.3406.1405.5238-.0712.1238-.2.1921-.3325.1921z\"><\/path><path d=\"m12.9247 6.2981c-.1328 0-.2616-.0683-.3329-.1911l-1.593-2.7604c-.1058-.1832-.0437-.4178.1405-.5238.1834-.1059.4178-.0426.5238.1406l1.5931 2.7594c.106.1832.0426.4179-.1407.5238-.0603.0347-.1257.0515-.1908.0515z\"><\/path><\/g><\/g><\/svg>                        <\/div>\r\n                                                                    <\/div>\r\n            <div class=\"content_part\">\r\n                    <div class=\"services-title\">\r\n                                    <h3 class=\"title\">\r\n\r\n                        <a href=\"https:\/\/sarpsan.com\/index.php\/gida-sektoru\/\" >\r\n                            Food Industry                        <\/a>\r\n                    <\/h3>\r\n                            <\/div>\r\n        \r\n        \r\n            <\/div>\r\n<\/div>\t\t<\/div>\r\n\r\n\t\t\t\t<\/div>\n\t\t\t\t<\/div>\n\t\t\t\t<\/div>\n\t\t\t\t<\/div>\n\t\t\t\t<\/div>\n\t\t\r\n\t\t<div class=\"default no-position show_shadow rs-sticky-default elementor-element elementor-element-cd04ba6 e-con-full e-flex e-con e-child\" data-id=\"cd04ba6\" data-element_type=\"container\" data-e-type=\"container\">\n\t\t\r\n\t\t<div class=\"default no-position show_shadow rs-sticky-default elementor-element elementor-element-e4e82c0 e-con-full e-flex e-con e-child\" data-id=\"e4e82c0\" data-element_type=\"container\" data-e-type=\"container\">\n\t\t\r\n\t\t\t\t<div class=\"elementor-element elementor-element-1a0f426 elementor-widget-laptop__width-initial elementor-widget__width-initial elementor-widget elementor-widget-rs-service-grid\" data-id=\"1a0f426\" data-element_type=\"widget\" data-e-type=\"widget\" data-widget_type=\"rs-service-grid.default\">\n\t\t\t\t<div class=\"elementor-widget-container\">\n\t\t\t\t\t\r\n\t\t<div class=\"rs-addon-services style5\">\r\n\t\t\t<div class=\"services-inner link\">\r\n        <div class=\"content_part\">\r\n                            <div class=\"desc-text\">\r\n                At Sarpsan Makina, we offer engineering solutions tailored to the specific needs of the chemical industry, including pharmaceuticals, cosmetics, cleaning products, and agricultural chemicals. Our advanced technology designs aim to maximize product quality standards and make production processes more efficient. By following innovative developments in the sector, we aim to provide our customers with reliable, sustainable, and high-performance machines.            <\/div>\r\n                    <\/div>\r\n            <div class=\"media_wrap\">\r\n                                                <div class=\"image_style media-cmn\">\r\n                        <img fetchpriority=\"high\" decoding=\"async\" width=\"352\" height=\"199\" src=\"https:\/\/sarpsan.com\/wp-content\/uploads\/2025\/11\/32-352x199.jpg\" class=\"attachment-industrie_service-grid size-industrie_service-grid wp-image-31078\" alt=\"3.6 m\u00b3 Specific Mixing Mixer\" srcset=\"https:\/\/sarpsan.com\/wp-content\/uploads\/2025\/11\/32-352x199.jpg 352w, https:\/\/sarpsan.com\/wp-content\/uploads\/2025\/11\/32-300x169.jpg 300w, https:\/\/sarpsan.com\/wp-content\/uploads\/2025\/11\/32-1024x576.jpg 1024w, https:\/\/sarpsan.com\/wp-content\/uploads\/2025\/11\/32-768x432.jpg 768w, https:\/\/sarpsan.com\/wp-content\/uploads\/2025\/11\/32-1536x864.jpg 1536w, https:\/\/sarpsan.com\/wp-content\/uploads\/2025\/11\/32-600x338.jpg 600w, https:\/\/sarpsan.com\/wp-content\/uploads\/2025\/11\/32.jpg 1920w\" sizes=\"(max-width: 352px) 100vw, 352px\" \/>                    <\/div>\r\n                                    <\/div>\r\n    <\/div>\t\t<\/div>\r\n\r\n\t\t\t\t<\/div>\n\t\t\t\t<\/div>\n\t\t\t\t<\/div>\n\t\t\r\n\t\t<div class=\"default no-position show_shadow rs-sticky-default elementor-element elementor-element-654a7f3 e-con-full e-flex e-con e-child\" data-id=\"654a7f3\" data-element_type=\"container\" data-e-type=\"container\">\n\t\t\r\n\t\t\t\t<div class=\"elementor-element elementor-element-e489593 elementor-widget-laptop__width-initial elementor-widget elementor-widget-rs-service-grid\" data-id=\"e489593\" data-element_type=\"widget\" data-e-type=\"widget\" data-widget_type=\"rs-service-grid.default\">\n\t\t\t\t<div class=\"elementor-widget-container\">\n\t\t\t\t\t\r\n\t\t<div class=\"rs-addon-services style5\">\r\n\t\t\t<div class=\"services-inner link\">\r\n        <div class=\"content_part\">\r\n                            <div class=\"desc-text\">\r\n                As Sarpsan Makina, we produce hygienic, high-quality, and efficient machines specifically designed to meet the needs of the food industry.\n\nWith our innovative engineering solutions and customer-focused approach, we utilize advanced technologies to meet the industry's requirements and optimize production processes.            <\/div>\r\n                    <\/div>\r\n            <div class=\"media_wrap\">\r\n                                                <div class=\"image_style media-cmn\">\r\n                        <img decoding=\"async\" width=\"300\" height=\"169\" src=\"https:\/\/sarpsan.com\/wp-content\/uploads\/2025\/11\/43-300x169.jpg\" class=\"attachment-medium size-medium wp-image-31079\" alt=\"Sauce Cooking Unit\" srcset=\"https:\/\/sarpsan.com\/wp-content\/uploads\/2025\/11\/43-300x169.jpg 300w, https:\/\/sarpsan.com\/wp-content\/uploads\/2025\/11\/43-1024x576.jpg 1024w, https:\/\/sarpsan.com\/wp-content\/uploads\/2025\/11\/43-768x432.jpg 768w, https:\/\/sarpsan.com\/wp-content\/uploads\/2025\/11\/43-1536x864.jpg 1536w, https:\/\/sarpsan.com\/wp-content\/uploads\/2025\/11\/43-352x199.jpg 352w, https:\/\/sarpsan.com\/wp-content\/uploads\/2025\/11\/43-600x338.jpg 600w, https:\/\/sarpsan.com\/wp-content\/uploads\/2025\/11\/43.jpg 1920w\" sizes=\"(max-width: 300px) 100vw, 300px\" \/>                    <\/div>\r\n                                    <\/div>\r\n    <\/div>\t\t<\/div>\r\n\r\n\t\t\t\t<\/div>\n\t\t\t\t<\/div>\n\t\t\t\t<\/div>\n\t\t\t\t<\/div>\n\t\t\t\t\t<\/div>\n\t\t\t\t<\/div>\n\t\t\t\t<\/div>\n\t\t","protected":false},"excerpt":{"rendered":"<p>Our Areas of Expertise Turnkey solutions for existing and planned Food Processing, Chemical and Cosmetics industry facilities. Design, engineering and automation of all production processes. Manufacturing and supply of machinery equipment and auxiliary system devices. On-site assembly, testing and commissioning, Manufacturing and supply of spare parts, Maintenance and repair services, After-sales technical support and emergency&#8230;<\/p>\n","protected":false},"author":1,"featured_media":0,"parent":0,"menu_order":0,"comment_status":"closed","ping_status":"closed","template":"elementor_header_footer","meta":{"_acf_changed":false,"om_disable_all_campaigns":false,"_monsterinsights_skip_tracking":false,"_monsterinsights_sitenote_active":false,"_monsterinsights_sitenote_note":"","_monsterinsights_sitenote_category":0,"footnotes":""},"class_list":["post-26","page","type-page","status-publish","hentry"],"acf":[],"aioseo_notices":[],"_links":{"self":[{"href":"https:\/\/sarpsan.com\/index.php\/wp-json\/wp\/v2\/pages\/26","targetHints":{"allow":["GET"]}}],"collection":[{"href":"https:\/\/sarpsan.com\/index.php\/wp-json\/wp\/v2\/pages"}],"about":[{"href":"https:\/\/sarpsan.com\/index.php\/wp-json\/wp\/v2\/types\/page"}],"author":[{"embeddable":true,"href":"https:\/\/sarpsan.com\/index.php\/wp-json\/wp\/v2\/users\/1"}],"replies":[{"embeddable":true,"href":"https:\/\/sarpsan.com\/index.php\/wp-json\/wp\/v2\/comments?post=26"}],"version-history":[{"count":85,"href":"https:\/\/sarpsan.com\/index.php\/wp-json\/wp\/v2\/pages\/26\/revisions"}],"predecessor-version":[{"id":31282,"href":"https:\/\/sarpsan.com\/index.php\/wp-json\/wp\/v2\/pages\/26\/revisions\/31282"}],"wp:attachment":[{"href":"https:\/\/sarpsan.com\/index.php\/wp-json\/wp\/v2\/media?parent=26"}],"curies":[{"name":"wp","href":"https:\/\/api.w.org\/{rel}","templated":true}]}}